{"id":120,"date":"2023-12-26T16:06:35","date_gmt":"2023-12-26T16:06:35","guid":{"rendered":"https:\/\/naturheilpraxis-auer.de\/?page_id=120"},"modified":"2023-12-30T08:32:21","modified_gmt":"2023-12-30T08:32:21","slug":"impressum","status":"publish","type":"page","link":"https:\/\/naturheilpraxis-auer.de\/?page_id=120","title":{"rendered":"Impressum"},"content":{"rendered":"\n<div class=\"wp-block-group is-layout-constrained wp-block-group-is-layout-constrained\">\n<p><em>Angaben gem\u00e4\u00df \u00a75 TMG<\/em><\/p>\n\n\n\n<p>Elke Auer<br>Adelharzer Weg 31<br>87435 Kempten<\/p>\n\n\n\n<p><strong>Kontakt<\/strong><\/p>\n\n\n\n<p>E-Mail-Adresse: naturheilpraxisauer@gmail.com<br>Telefon: +49 (0) 83161050214<\/p>\n\n\n\n<p>Angaben zum Unternehmen<\/p>\n\n\n\n<p><strong>Angaben zur Berufshaftpflichtversicherung<\/strong><\/p>\n<\/div>\n\n\n\n<p>Allianz Versicherungs AG<br>10900 Berlin<\/p>\n\n\n\n<p>R\u00e4umliche Geltung: Deutschland \/ Praxisstandort: Adelharzer Weg 31, Kempten<\/p>\n\n\n\n<p>Ich bin nicht bereit oder verpflichtet an Streitbeilegungsverfahren vor einer Verbraucherschlichtungsstelle teilzunehmen.<\/p>\n\n\n\n<p><strong>Aufsichtsbeh\u00f6rde<\/strong><\/p>\n\n\n\n<p>Gesundheitsamt Landratsamt Oberallg\u00e4u<br>Oberallg\u00e4uer Platz 2<br>87527 Sonthofen<\/p>\n\n\n\n<p><strong>Berufsbezeichnung<\/strong><\/p>\n\n\n\n<p>Gesetzliche Berufsbezeichnung: Heilpraktiker\/in.<\/p>\n\n\n\n<p>Land in dem die Berufsbezeichnung verliehen wurde: Deutschland.<\/p>\n\n\n\n<p><strong>Berufsrechtliche Regelungen:<\/strong><\/p>\n\n\n\n<p>BOH (Berufsordnung f\u00fcr Heilpraktiker): www.heilpraktikerverband-bayern.de<\/p>\n\n\n\n<p>Heilpraktikergesetz: <a href=\"http:\/\/www.gesetze-im-internet.de\/heilprg\/index.html\" target=\"_blank\" rel=\"noreferrer noopener\">http:\/\/www.gesetze-im-internet.de\/heilprg\/index.html<\/a><\/p>\n\n\n\n<p><strong>Disclaimer \u2013 Haftungsausschluss<\/strong><\/p>\n\n\n\n<p><strong>Haftung f\u00fcr Inhalte<\/strong><\/p>\n\n\n\n<p>Obwohl ich mich um Aktualit\u00e4t, Vollst\u00e4ndigkeit und Richtigkeit der Inhalte meiner Seite bem\u00fche, kann ich hierf\u00fcr keine Garantie \u00fcbernehmen.<\/p>\n\n\n\n<p>Nach \u00a7 7 Abs. 1 TMG bin ich als Dienstanbieter f\u00fcr eigene Inhalte auf meiner Seite nach den allgemeinen Gesetzen verantwortlich.<\/p>\n\n\n\n<p>Eine Verpflichtung zur \u00dcberwachung \u00fcbermittelter oder gespeicherter fremder Informationen besteht jedoch nicht (\u00a7\u00a7 8-10 TMG). Sobald mir Rechtsverst\u00f6\u00dfe bekannt werden, werde ich die entsprechenden Inhalte umgehend entfernen. Eine dahingehende Haftung wird jedoch erst ab dem Zeitpunkt der Kenntnis konkreter Rechtsverletzungen \u00fcbernommen.<\/p>\n\n\n\n<p>Meine Homepage dient ausschlie\u00dflich der allgemeinen Information. Eine gesundheitliche Beratung oder Behandlung kann durch die inhaltlichen Aussagen nicht ersetzt werden. Insbesondere sind keinerlei Heilungsversprechen abzuleiten. Alle Therapieangebote und deren Anwendung sind nur f\u00fcr Patienten bestimmt, die ich in einem pers\u00f6nlichen Gespr\u00e4ch entsprechend ihrem Gesundheitszustand beraten habe.<\/p>\n\n\n\n<p>Die aufgef\u00fchrten Diagnose- und Therapieverfahren geh\u00f6ren in den Bereich der Regulativen Medizin bzw. der Komplement\u00e4rmedizin und sind schulmedizinisch und wissenschaftlich nicht anerkannt.<\/p>\n\n\n\n<p><strong>Haftung f\u00fcr Links<\/strong><\/p>\n\n\n\n<p>Meine Seite enth\u00e4lt Links bzw. verweist auf externe Webseiten Dritter. Auf die Inhalte dieser Webseiten habe ich keinen Einfluss. F\u00fcr die Richtigkeit der Inhalte ist immer der jeweilige Anbieter oder Betreiber verantwortlich, weshalb ich diesbez\u00fcglich keinerlei Gew\u00e4hr \u00fcbernehme.<\/p>\n\n\n\n<p>Die fremden Webseiten habe ich zum Zeitpunkt der Verlinkung bzw. des Verweises auf m\u00f6gliche Rechtsverst\u00f6\u00dfe \u00fcberpr\u00fcft. Zum Zeitpunkt der Verlinkung bzw. des Verweises waren keinerlei Rechtsverletzungen erkennbar. Eine st\u00e4ndige \u00dcberpr\u00fcfung s\u00e4mtlicher Inhalte der von mir verlinkten bzw. verwiesenen Seiten ohne tats\u00e4chliche Anhaltspunkte f\u00fcr einen Rechtsversto\u00df kann ich nicht leisten. Falls mir Rechtsverletzungen bekannt werden, werde ich die entsprechenden Links bzw. den Verweis auf die externen Webseiten sofort entfernen.<\/p>\n\n\n\n<p><strong>Urheberrecht<\/strong><\/p>\n\n\n\n<p>Die durch den Betreiber dieser Seiten erstellten Inhalte und Werke auf diesen Webseiten unterliegen dem deutschen Urheberrecht. S\u00e4mtliche Beitr\u00e4ge Dritter sind als solche gekennzeichnet. Die Vervielf\u00e4ltigung, Bearbeitung, Verarbeitung und jede Art der Verwertung au\u00dferhalb der Grenzen des Urheberrechts bed\u00fcrfen der schriftlichen Zustimmung des jeweiligen Autors bzw. Erstellers. Downloads und Kopien von diesen Seiten sind nur f\u00fcr den privaten Bereich gestattet, nicht jedoch f\u00fcr kommerzielle Zwecke.<\/p>\n","protected":false},"excerpt":{"rendered":"<p>Angaben gem\u00e4\u00df \u00a75 TMG Elke AuerAdelharzer Weg 3187435 Kempten Kontakt E-Mail-Adresse: naturheilpraxisauer@gmail.comTelefon: +49 (0) 83161050214 Angaben zum Unternehmen Angaben zur Berufshaftpflichtversicherung Allianz Versicherungs AG10900 Berlin R\u00e4umliche Geltung: Deutschland \/ Praxisstandort: Adelharzer Weg 31, Kempten Ich bin nicht bereit oder verpflichtet an Streitbeilegungsverfahren vor einer Verbraucherschlichtungsstelle teilzunehmen. Aufsichtsbeh\u00f6rde Gesundheitsamt Landratsamt Oberallg\u00e4uOberallg\u00e4uer Platz 287527 Sonthofen Berufsbezeichnung Gesetzliche [&hellip;]<\/p>\n","protected":false},"author":1,"featured_media":0,"parent":0,"menu_order":0,"comment_status":"closed","ping_status":"closed","template":"","meta":{"_coblocks_attr":"","_coblocks_dimensions":"","_coblocks_responsive_height":"","_coblocks_accordion_ie_support":"","footnotes":""},"class_list":["post-120","page","type-page","status-publish","hentry"],"_links":{"self":[{"href":"https:\/\/naturheilpraxis-auer.de\/index.php?rest_route=\/wp\/v2\/pages\/120","targetHints":{"allow":["GET"]}}],"collection":[{"href":"https:\/\/naturheilpraxis-auer.de\/index.php?rest_route=\/wp\/v2\/pages"}],"about":[{"href":"https:\/\/naturheilpraxis-auer.de\/index.php?rest_route=\/wp\/v2\/types\/page"}],"author":[{"embeddable":true,"href":"https:\/\/naturheilpraxis-auer.de\/index.php?rest_route=\/wp\/v2\/users\/1"}],"replies":[{"embeddable":true,"href":"https:\/\/naturheilpraxis-auer.de\/index.php?rest_route=%2Fwp%2Fv2%2Fcomments&post=120"}],"version-history":[{"count":5,"href":"https:\/\/naturheilpraxis-auer.de\/index.php?rest_route=\/wp\/v2\/pages\/120\/revisions"}],"predecessor-version":[{"id":178,"href":"https:\/\/naturheilpraxis-auer.de\/index.php?rest_route=\/wp\/v2\/pages\/120\/revisions\/178"}],"wp:attachment":[{"href":"https:\/\/naturheilpraxis-auer.de\/index.php?rest_route=%2Fwp%2Fv2%2Fmedia&parent=120"}],"curies":[{"name":"wp","href":"https:\/\/api.w.org\/{rel}","templated":true}]}}